{"id":827,"date":"2024-03-07T18:12:46","date_gmt":"2024-03-07T17:12:46","guid":{"rendered":"https:\/\/sofrigam.com\/contact\/"},"modified":"2026-02-20T12:20:00","modified_gmt":"2026-02-20T11:20:00","slug":"contact-us","status":"publish","type":"page","link":"https:\/\/sofrigam.com\/en\/contact-us\/","title":{"rendered":"Contact us"},"content":{"rendered":"<section class=\"banner-introduction\">\n    <div\n                    class=\"banner-introduction__hero\"\n            >\n        \n        \n        <div class=\"banner-introduction__container container-medium\">\n            <div class=\"breadcrumb\">\n    <span property=\"itemListElement\" typeof=\"ListItem\"><a property=\"item\" typeof=\"WebPage\" title=\"Go to Home.\" href=\"https:\/\/sofrigam.com\/en\/\" class=\"home\" aria-current=\"page\"><span property=\"name\">Home<\/span><\/a><meta property=\"position\" content=\"1\"><\/span>\n<\/div>\n            <div class=\"banner-introduction__content\">\n                \n                <h1 id=\"banner-introduction__title\" class=\"banner-introduction__title \">\n                    Contact us\n                <\/h1>\n\n                <p class=\"banner-introduction__description\">\n                    \n                <\/p>\n            <\/div>\n        <\/div>\n    <\/div>\n\n    <div\n         id=\"banner-introduction__highlight\"\n         class=\"banner-introduction__highlight \"\n    >\n    <\/div>\n<\/section>\n\n<section\n    class=\"block formulaire-banner fond-pattern\"\n        >\n    \n    \t<div id=\"form\" class=\"container-medium formulaire-banner__content\">\n\t\t<div class=\"formulaire-banner__column1\">\n\t\t\t<div class=\"formulaire-banner__title\">Do you have a need, a question or a project to entrust to us?<\/div>\n\t\t\t<div class=\"formulaire-banner__subTitle\"> Would you like to learn more about our solutions, our services or discuss a specific project?   <br><br> Contact us: our experts will respond quickly and guide you to the solution that best fits your challenges.  <\/div>\n\t\t<\/div>\n\t\t<div class=\"formulaire-banner__column2\">\n\t\t\t<div\n    id=\"formulaireZoho\"\n    class=\"formulaireZoho\"\n    data-label=\"Do you have a need, a question or a project to entrust to us?\"\n    data-form=\"https:\/\/forms.zohopublic.eu\/carolinebouchelliga\/form\/Test11\/formperma\/90AhpfH-CylapRs5HyJkCKGS4elNPygOwdGJ7VCWu1E?zf_rszfm=1&#038;SingleLine8=https%3A%2F%2Fsofrigam.com%2Fen%2Fwp-json%2Fwp%2Fv2%2Fpages%2F827&#038;SingleLine5=&#038;zf_lang=en\"\n><\/div>\t\t<\/div>\n\t<\/div>\n<\/section>\n\n<section\n    class=\"block banner-texte fond-FFFFFF\"\n    style=\"background-color: #FFFFFF\"    >\n    \n    \t<div class=\"container-medium banner-texte__content\">\n\t\t<h2>Our addresses<\/h2>\n\n\t<\/div>\n<\/section>\n\n<section\n    class=\"block banner-colonnes banner-colonnes-3 fond-FFFFFF\"\n    style=\"background-color: #FFFFFF\"    >\n    \n    \t<div class=\"container-medium banner-colonnes__nbcolonnes-3\">\n\t\t\t\t\t<div class=\"column-base\">\n\t\t\t<div class=\"column-base__image\">\n\t\t\t<img decoding=\"async\" src=\"https:\/\/sofrigam.com\/wp-content\/uploads\/2026\/01\/rueil.jpg\" alt=\"si\u00e8ge social\" srcset=\"https:\/\/sofrigam.com\/wp-content\/uploads\/2026\/01\/rueil.jpg 610w, https:\/\/sofrigam.com\/wp-content\/uploads\/2026\/01\/rueil-300x123.jpg 300w\" sizes=\"(max-width: 610px) 100vw, 610px\" loading=\"lazy\">\n\t\t<\/div>\n\t\n\t\t\t<h2 class=\"column-base__title\">Head office &#8211; Rueil<br> Sofrigam Group<\/h2>\n\t\t\t\t<div class=\"column-base__description\">2 Rue Jacques Daguerre, 92500 Rueil-Malmaison <br><b>Telephone :<\/b>+33 (0) 146 698 500 <br> <b> Courriel :<\/b>sales.eu@sofrigam.com<\/div>\n\t\n\t\n\t\t\t<div class=\"column-base__cta\">\n\t\t\t<a class=\"button button-light\" href=\"https:\/\/maps.app.goo.gl\/FbD56atytR5ufvXW7\" target=\"\">\n\t\t\t\tGo there\n\t\t\t<\/a>\n\t\t<\/div>\n\t<\/div>\n\t\t\t\t\t<div class=\"column-base\">\n\t\t\t<div class=\"column-base__image\">\n\t\t\t<img decoding=\"async\" src=\"https:\/\/sofrigam.com\/wp-content\/uploads\/2026\/01\/monchy.jpg\" alt=\"site de production FR\" srcset=\"https:\/\/sofrigam.com\/wp-content\/uploads\/2026\/01\/monchy.jpg 610w, https:\/\/sofrigam.com\/wp-content\/uploads\/2026\/01\/monchy-300x123.jpg 300w\" sizes=\"(max-width: 610px) 100vw, 610px\" loading=\"lazy\">\n\t\t<\/div>\n\t\n\t\t\t<h2 class=\"column-base__title\">Production site &#8211; Monchy<br>Sofrigam FR<\/h2>\n\t\t\t\t<div class=\"column-base__description\">98 All\u00e9e du Danemark, 62118 Monchy-le-Preux <br> <b> T\u00e9l\u00e9phone :<\/b>+33 (0)3 21 23 00 17 <br> <b>Courriel : <\/b><\/div>\n\t\n\t\n\t\t\t<div class=\"column-base__cta\">\n\t\t\t<a class=\"button button-light\" href=\"https:\/\/maps.app.goo.gl\/1hyoVye2ucyZmA4y6\" target=\"\">\n\t\t\t\tGo there\n\t\t\t<\/a>\n\t\t<\/div>\n\t<\/div>\n\t\t\t\t\t<div class=\"column-base\">\n\t\t\t<div class=\"column-base__image\">\n\t\t\t<img decoding=\"async\" src=\"https:\/\/sofrigam.com\/wp-content\/uploads\/2026\/01\/monchy.jpg\" alt=\"site de production FR\" srcset=\"https:\/\/sofrigam.com\/wp-content\/uploads\/2026\/01\/monchy.jpg 610w, https:\/\/sofrigam.com\/wp-content\/uploads\/2026\/01\/monchy-300x123.jpg 300w\" sizes=\"(max-width: 610px) 100vw, 610px\" loading=\"lazy\">\n\t\t<\/div>\n\t\n\t\t\t<h2 class=\"column-base__title\">Thermal testing site &#8211; Monchy<br>ATER FR<\/h2>\n\t\t\t\t<div class=\"column-base__description\">98 All\u00e9e du Danemark, 62118 Monchy-le-Preux <br> <b> T\u00e9l\u00e9phone :<\/b>+33 (0)3 59 25 05 21 <br> <b>Courriel : <\/b>contact@atermetrologie.com<\/div>\n\t\n\t\n\t\t\t<div class=\"column-base__cta\">\n\t\t\t<a class=\"button button-light\" href=\"https:\/\/maps.app.goo.gl\/1hyoVye2ucyZmA4y6\" target=\"\">\n\t\t\t\tGo there\n\t\t\t<\/a>\n\t\t<\/div>\n\t<\/div>\n\t\t\t<\/div>\n<\/section>\n\n<section\n    class=\"block banner-colonnes banner-colonnes-3 fond-FFFFFF\"\n    style=\"background-color: #FFFFFF\"    >\n    \n    \t<div class=\"container-medium banner-colonnes__nbcolonnes-3\">\n\t\t\t\t\t<div class=\"column-base\">\n\t\t\t<div class=\"column-base__image\">\n\t\t\t<img decoding=\"async\" src=\"https:\/\/sofrigam.com\/wp-content\/uploads\/2026\/01\/coldway.jpg\" alt=\"site coldway\" srcset=\"https:\/\/sofrigam.com\/wp-content\/uploads\/2026\/01\/coldway.jpg 610w, https:\/\/sofrigam.com\/wp-content\/uploads\/2026\/01\/coldway-300x123.jpg 300w\" sizes=\"(max-width: 610px) 100vw, 610px\" loading=\"lazy\">\n\t\t<\/div>\n\t\n\t\t\t<h2 class=\"column-base__title\">Production site &#8211; Pia<br>Sofrigam FR<\/h2>\n\t\t\t\t<div class=\"column-base__description\">Lieu-dit &#8220;Patau, route de Rivesaltes&#8221;, 66380 Pia<br><b>T\u00e9l\u00e9phone : <\/b>+33 (0)4 68 64 71 06 <br> <b>Courriel : <\/b><\/div>\n\t\n\t\n\t\t\t<div class=\"column-base__cta\">\n\t\t\t<a class=\"button button-light\" href=\"https:\/\/maps.app.goo.gl\/x9Adz8QVDyVG7GBu8\" target=\"\">\n\t\t\t\tGo there\n\t\t\t<\/a>\n\t\t<\/div>\n\t<\/div>\n\t\t\t\t\t<div class=\"column-base\">\n\t\t\t<div class=\"column-base__image\">\n\t\t\t<img decoding=\"async\" src=\"https:\/\/sofrigam.com\/wp-content\/uploads\/2026\/01\/mirofret.jpg\" alt=\"mirofret\" srcset=\"https:\/\/sofrigam.com\/wp-content\/uploads\/2026\/01\/mirofret.jpg 610w, https:\/\/sofrigam.com\/wp-content\/uploads\/2026\/01\/mirofret-300x123.jpg 300w\" sizes=\"(max-width: 610px) 100vw, 610px\" loading=\"lazy\">\n\t\t<\/div>\n\t\n\t\t\t<h2 class=\"column-base__title\">Production site <br> Mirofret France<\/h2>\n\t\t\t\t<div class=\"column-base__description\">59 Imp. de l&#8217;Avenir, 30800 Saint-Gilles<br><b>T\u00e9l\u00e9phone : <\/b>+33 (0)4 66 87 08 88<br><b> Courriel : <\/b><\/div>\n\t\n\t\n\t\t\t<div class=\"column-base__cta\">\n\t\t\t<a class=\"button button-light\" href=\"https:\/\/maps.app.goo.gl\/JaiJzwjcfFxKLPY67\" target=\"\">\n\t\t\t\tGo there\n\t\t\t<\/a>\n\t\t<\/div>\n\t<\/div>\n\t\t\t\t\t<div class=\"column-base\">\n\t\t\t<div class=\"column-base__image\">\n\t\t\t<img decoding=\"async\" src=\"https:\/\/sofrigam.com\/wp-content\/uploads\/2026\/01\/us-site.jpg\" alt=\"site UK\" srcset=\"https:\/\/sofrigam.com\/wp-content\/uploads\/2026\/01\/us-site.jpg 610w, https:\/\/sofrigam.com\/wp-content\/uploads\/2026\/01\/us-site-300x123.jpg 300w\" sizes=\"(max-width: 610px) 100vw, 610px\" loading=\"lazy\">\n\t\t<\/div>\n\t\n\t\t\t<h2 class=\"column-base__title\">Site &#8211; Kingsville<br>Sofrigam US<\/h2>\n\t\t\t\t<div class=\"column-base__description\">2600 E. Santa Gertrudis St. Kingsville, TX 78363<br><b>T\u00e9l\u00e9phone : <\/b>+1 (361) 592 3615 <br><b> Courriel : <\/b>info.us@sofrigam.com<\/div>\n\t\n\t\n\t\t\t<div class=\"column-base__cta\">\n\t\t\t<a class=\"button button-light\" href=\"https:\/\/maps.app.goo.gl\/pQE1NqjfYhNnit1j6\" target=\"\">\n\t\t\t\tGo there\n\t\t\t<\/a>\n\t\t<\/div>\n\t<\/div>\n\t\t\t<\/div>\n<\/section>","protected":false},"excerpt":{"rendered":"","protected":false},"author":1,"featured_media":6365,"parent":0,"menu_order":900,"comment_status":"closed","ping_status":"closed","template":"","meta":{"_acf_changed":false,"footnotes":""},"class_list":["post-827","page","type-page","status-publish","has-post-thumbnail","hentry"],"acf":[],"yoast_head":"<!-- This site is optimized with the Yoast SEO plugin v27.2 - https:\/\/yoast.com\/product\/yoast-seo-wordpress\/ -->\n<title>Contact us - Sofrigam<\/title>\n<meta name=\"description\" content=\"Vous souhaitez \u00e9changer avec Sofrigam ? Contactez nos \u00e9quipes pour vos projets de transport et de logistique sous temp\u00e9rature dirig\u00e9e.\" \/>\n<meta name=\"robots\" content=\"index, follow, max-snippet:-1, max-image-preview:large, max-video-preview:-1\" \/>\n<link rel=\"canonical\" href=\"https:\/\/sofrigam.com\/en\/contact-us\/\" \/>\n<meta property=\"og:locale\" content=\"en_US\" \/>\n<meta property=\"og:type\" content=\"article\" \/>\n<meta property=\"og:title\" content=\"Contact us - Sofrigam\" \/>\n<meta property=\"og:description\" content=\"Vous souhaitez \u00e9changer avec Sofrigam ? Contactez nos \u00e9quipes pour vos projets de transport et de logistique sous temp\u00e9rature dirig\u00e9e.\" \/>\n<meta property=\"og:url\" content=\"https:\/\/sofrigam.com\/en\/contact-us\/\" \/>\n<meta property=\"og:site_name\" content=\"Sofrigam\" \/>\n<meta property=\"article:modified_time\" content=\"2026-02-20T11:20:00+00:00\" \/>\n<meta property=\"og:image\" content=\"https:\/\/sofrigam.com\/wp-content\/uploads\/2025\/12\/fond-decran-19-6-degrade-logo-417-x-417.jpg\" \/>\n\t<meta property=\"og:image:width\" content=\"417\" \/>\n\t<meta property=\"og:image:height\" content=\"417\" \/>\n\t<meta property=\"og:image:type\" content=\"image\/jpeg\" \/>\n<meta name=\"twitter:card\" content=\"summary_large_image\" \/>\n<meta name=\"twitter:label1\" content=\"Est. reading time\" \/>\n\t<meta name=\"twitter:data1\" content=\"1 minute\" \/>\n<script type=\"application\/ld+json\" class=\"yoast-schema-graph\">{\"@context\":\"https:\/\/schema.org\",\"@graph\":[{\"@type\":\"WebPage\",\"@id\":\"https:\/\/sofrigam.com\/en\/contact-us\/\",\"url\":\"https:\/\/sofrigam.com\/en\/contact-us\/\",\"name\":\"Contact us - Sofrigam\",\"isPartOf\":{\"@id\":\"https:\/\/sofrigam.com\/#website\"},\"primaryImageOfPage\":{\"@id\":\"https:\/\/sofrigam.com\/en\/contact-us\/#primaryimage\"},\"image\":{\"@id\":\"https:\/\/sofrigam.com\/en\/contact-us\/#primaryimage\"},\"thumbnailUrl\":\"https:\/\/sofrigam.com\/wp-content\/uploads\/2025\/12\/fond-decran-19-6-degrade-logo-417-x-417.jpg\",\"datePublished\":\"2024-03-07T17:12:46+00:00\",\"dateModified\":\"2026-02-20T11:20:00+00:00\",\"description\":\"Vous souhaitez \u00e9changer avec Sofrigam ? Contactez nos \u00e9quipes pour vos projets de transport et de logistique sous temp\u00e9rature dirig\u00e9e.\",\"breadcrumb\":{\"@id\":\"https:\/\/sofrigam.com\/en\/contact-us\/#breadcrumb\"},\"inLanguage\":\"en-US\",\"potentialAction\":[{\"@type\":\"ReadAction\",\"target\":[\"https:\/\/sofrigam.com\/en\/contact-us\/\"]}]},{\"@type\":\"ImageObject\",\"inLanguage\":\"en-US\",\"@id\":\"https:\/\/sofrigam.com\/en\/contact-us\/#primaryimage\",\"url\":\"https:\/\/sofrigam.com\/wp-content\/uploads\/2025\/12\/fond-decran-19-6-degrade-logo-417-x-417.jpg\",\"contentUrl\":\"https:\/\/sofrigam.com\/wp-content\/uploads\/2025\/12\/fond-decran-19-6-degrade-logo-417-x-417.jpg\",\"width\":417,\"height\":417},{\"@type\":\"BreadcrumbList\",\"@id\":\"https:\/\/sofrigam.com\/en\/contact-us\/#breadcrumb\",\"itemListElement\":[{\"@type\":\"ListItem\",\"position\":1,\"name\":\"Home\",\"item\":\"https:\/\/sofrigam.com\/en\/\"},{\"@type\":\"ListItem\",\"position\":2,\"name\":\"Contact us\"}]},{\"@type\":\"WebSite\",\"@id\":\"https:\/\/sofrigam.com\/#website\",\"url\":\"https:\/\/sofrigam.com\/\",\"name\":\"Sofrigam\",\"description\":\"\",\"publisher\":{\"@id\":\"https:\/\/sofrigam.com\/#organization\"},\"potentialAction\":[{\"@type\":\"SearchAction\",\"target\":{\"@type\":\"EntryPoint\",\"urlTemplate\":\"https:\/\/sofrigam.com\/?s={search_term_string}\"},\"query-input\":{\"@type\":\"PropertyValueSpecification\",\"valueRequired\":true,\"valueName\":\"search_term_string\"}}],\"inLanguage\":\"en-US\"},{\"@type\":\"Organization\",\"@id\":\"https:\/\/sofrigam.com\/#organization\",\"name\":\"Sofrigam\",\"url\":\"https:\/\/sofrigam.com\/\",\"logo\":{\"@type\":\"ImageObject\",\"inLanguage\":\"en-US\",\"@id\":\"https:\/\/sofrigam.com\/#\/schema\/logo\/image\/\",\"url\":\"https:\/\/sofrigam.com\/wp-content\/uploads\/2024\/04\/calque_1.png\",\"contentUrl\":\"https:\/\/sofrigam.com\/wp-content\/uploads\/2024\/04\/calque_1.png\",\"width\":235,\"height\":40,\"caption\":\"Sofrigam\"},\"image\":{\"@id\":\"https:\/\/sofrigam.com\/#\/schema\/logo\/image\/\"}}]}<\/script>\n<!-- \/ Yoast SEO plugin. -->","yoast_head_json":{"title":"Contact us - Sofrigam","description":"Vous souhaitez \u00e9changer avec Sofrigam ? Contactez nos \u00e9quipes pour vos projets de transport et de logistique sous temp\u00e9rature dirig\u00e9e.","robots":{"index":"index","follow":"follow","max-snippet":"max-snippet:-1","max-image-preview":"max-image-preview:large","max-video-preview":"max-video-preview:-1"},"canonical":"https:\/\/sofrigam.com\/en\/contact-us\/","og_locale":"en_US","og_type":"article","og_title":"Contact us - Sofrigam","og_description":"Vous souhaitez \u00e9changer avec Sofrigam ? Contactez nos \u00e9quipes pour vos projets de transport et de logistique sous temp\u00e9rature dirig\u00e9e.","og_url":"https:\/\/sofrigam.com\/en\/contact-us\/","og_site_name":"Sofrigam","article_modified_time":"2026-02-20T11:20:00+00:00","og_image":[{"width":417,"height":417,"url":"https:\/\/sofrigam.com\/wp-content\/uploads\/2025\/12\/fond-decran-19-6-degrade-logo-417-x-417.jpg","type":"image\/jpeg"}],"twitter_card":"summary_large_image","twitter_misc":{"Est. reading time":"1 minute"},"schema":{"@context":"https:\/\/schema.org","@graph":[{"@type":"WebPage","@id":"https:\/\/sofrigam.com\/en\/contact-us\/","url":"https:\/\/sofrigam.com\/en\/contact-us\/","name":"Contact us - Sofrigam","isPartOf":{"@id":"https:\/\/sofrigam.com\/#website"},"primaryImageOfPage":{"@id":"https:\/\/sofrigam.com\/en\/contact-us\/#primaryimage"},"image":{"@id":"https:\/\/sofrigam.com\/en\/contact-us\/#primaryimage"},"thumbnailUrl":"https:\/\/sofrigam.com\/wp-content\/uploads\/2025\/12\/fond-decran-19-6-degrade-logo-417-x-417.jpg","datePublished":"2024-03-07T17:12:46+00:00","dateModified":"2026-02-20T11:20:00+00:00","description":"Vous souhaitez \u00e9changer avec Sofrigam ? Contactez nos \u00e9quipes pour vos projets de transport et de logistique sous temp\u00e9rature dirig\u00e9e.","breadcrumb":{"@id":"https:\/\/sofrigam.com\/en\/contact-us\/#breadcrumb"},"inLanguage":"en-US","potentialAction":[{"@type":"ReadAction","target":["https:\/\/sofrigam.com\/en\/contact-us\/"]}]},{"@type":"ImageObject","inLanguage":"en-US","@id":"https:\/\/sofrigam.com\/en\/contact-us\/#primaryimage","url":"https:\/\/sofrigam.com\/wp-content\/uploads\/2025\/12\/fond-decran-19-6-degrade-logo-417-x-417.jpg","contentUrl":"https:\/\/sofrigam.com\/wp-content\/uploads\/2025\/12\/fond-decran-19-6-degrade-logo-417-x-417.jpg","width":417,"height":417},{"@type":"BreadcrumbList","@id":"https:\/\/sofrigam.com\/en\/contact-us\/#breadcrumb","itemListElement":[{"@type":"ListItem","position":1,"name":"Home","item":"https:\/\/sofrigam.com\/en\/"},{"@type":"ListItem","position":2,"name":"Contact us"}]},{"@type":"WebSite","@id":"https:\/\/sofrigam.com\/#website","url":"https:\/\/sofrigam.com\/","name":"Sofrigam","description":"","publisher":{"@id":"https:\/\/sofrigam.com\/#organization"},"potentialAction":[{"@type":"SearchAction","target":{"@type":"EntryPoint","urlTemplate":"https:\/\/sofrigam.com\/?s={search_term_string}"},"query-input":{"@type":"PropertyValueSpecification","valueRequired":true,"valueName":"search_term_string"}}],"inLanguage":"en-US"},{"@type":"Organization","@id":"https:\/\/sofrigam.com\/#organization","name":"Sofrigam","url":"https:\/\/sofrigam.com\/","logo":{"@type":"ImageObject","inLanguage":"en-US","@id":"https:\/\/sofrigam.com\/#\/schema\/logo\/image\/","url":"https:\/\/sofrigam.com\/wp-content\/uploads\/2024\/04\/calque_1.png","contentUrl":"https:\/\/sofrigam.com\/wp-content\/uploads\/2024\/04\/calque_1.png","width":235,"height":40,"caption":"Sofrigam"},"image":{"@id":"https:\/\/sofrigam.com\/#\/schema\/logo\/image\/"}}]}},"_links":{"self":[{"href":"https:\/\/sofrigam.com\/en\/wp-json\/wp\/v2\/pages\/827","targetHints":{"allow":["GET"]}}],"collection":[{"href":"https:\/\/sofrigam.com\/en\/wp-json\/wp\/v2\/pages"}],"about":[{"href":"https:\/\/sofrigam.com\/en\/wp-json\/wp\/v2\/types\/page"}],"author":[{"embeddable":true,"href":"https:\/\/sofrigam.com\/en\/wp-json\/wp\/v2\/users\/1"}],"replies":[{"embeddable":true,"href":"https:\/\/sofrigam.com\/en\/wp-json\/wp\/v2\/comments?post=827"}],"version-history":[{"count":47,"href":"https:\/\/sofrigam.com\/en\/wp-json\/wp\/v2\/pages\/827\/revisions"}],"predecessor-version":[{"id":9977,"href":"https:\/\/sofrigam.com\/en\/wp-json\/wp\/v2\/pages\/827\/revisions\/9977"}],"wp:featuredmedia":[{"embeddable":true,"href":"https:\/\/sofrigam.com\/en\/wp-json\/wp\/v2\/media\/6365"}],"wp:attachment":[{"href":"https:\/\/sofrigam.com\/en\/wp-json\/wp\/v2\/media?parent=827"}],"curies":[{"name":"wp","href":"https:\/\/api.w.org\/{rel}","templated":true}]}}